{"id":265,"date":"2024-08-07T13:41:34","date_gmt":"2024-08-07T13:41:34","guid":{"rendered":"https:\/\/tassadanslesmyriades.fr\/?page_id=265"},"modified":"2024-08-29T20:00:12","modified_gmt":"2024-08-29T20:00:12","slug":"politique-de-confidentialite","status":"publish","type":"page","link":"https:\/\/tassadanslesmyriades.fr\/?page_id=265","title":{"rendered":"Politique de confidentialit\u00e9"},"content":{"rendered":"\n<p><a href=\"https:\/\/tassadanslesmyriades.fr\/?page_id=37\">Mentions l\u00e9gales<\/a><\/p>\n\n\n\n<p><strong>Introduction<\/strong><\/p>\n\n\n\n<p>Tassadanslesmyriades.fr s&rsquo;engage \u00e0 respecter la confidentialit\u00e9 de vos donn\u00e9es personnelles. Cette politique de confidentialit\u00e9 a pour objectif de vous informer sur les donn\u00e9es que nous collectons, les raisons pour lesquelles nous les collectons et la mani\u00e8re dont nous les utilisons.<\/p>\n\n\n\n<p><strong>Donn\u00e9es collect\u00e9es<\/strong><\/p>\n\n\n\n<p>Nous pouvons collecter les types de donn\u00e9es suivants :<\/p>\n\n\n\n<ul class=\"wp-block-list\">\n<li><strong>Donn\u00e9es fournies volontairement:<\/strong> Nom, adresse \u00e9lectronique, adresse IP, lorsque vous vous inscrivez \u00e0 notre newsletter, laissez un commentaire ou nous contactez.<\/li>\n\n\n\n<li><strong>Donn\u00e9es de navigation:<\/strong> Informations collect\u00e9es automatiquement lors de votre visite sur notre site, telles que votre navigateur, votre syst\u00e8me d&rsquo;exploitation, les pages que vous visitez et les liens sur lesquels vous cliquez.<\/li>\n\n\n\n<li><strong>Cookies:<\/strong> De petits fichiers texte stock\u00e9s sur votre appareil pour am\u00e9liorer votre exp\u00e9rience utilisateur. <\/li>\n<\/ul>\n\n\n\n<p><strong>Utilisation des donn\u00e9es<\/strong><\/p>\n\n\n\n<p>Les donn\u00e9es que nous collectons sont utilis\u00e9es pour :<\/p>\n\n\n\n<ul class=\"wp-block-list\">\n<li><strong>Am\u00e9liorer notre site web:<\/strong> Analyser le trafic et personnaliser votre exp\u00e9rience, \u00e0 travers WordPress et Ikoula, leurs plugins respectifs.<\/li>\n\n\n\n<li><strong>Vous envoyer des communications:<\/strong> Newsletter, r\u00e9ponses \u00e0 vos questions.<\/li>\n\n\n\n<li><strong>Assurer la s\u00e9curit\u00e9 de notre site:<\/strong> D\u00e9tecter et pr\u00e9venir les activit\u00e9s frauduleuses.<\/li>\n<\/ul>\n\n\n\n<p><strong>Partage de vos donn\u00e9es<\/strong><\/p>\n\n\n\n<p>Nous ne partageons pas vos donn\u00e9es personnelles avec des tiers, sauf :<\/p>\n\n\n\n<ul class=\"wp-block-list\">\n<li><strong>Avec votre consentement explicite.<\/strong><\/li>\n\n\n\n<li><strong>Avec nos prestataires de services:<\/strong> H\u00e9bergeur, service d&rsquo;analyse, etc., dans le cadre de la fourniture de leurs services (WordPress.org et plug-ins mentionn\u00e9s ici : 0 plugin).<\/li>\n\n\n\n<li><strong>Pour nous conformer \u00e0 une obligation l\u00e9gale.<\/strong><\/li>\n<\/ul>\n\n\n\n<p><strong>S\u00e9curit\u00e9 des donn\u00e9es<\/strong><\/p>\n\n\n\n<p>Nous mettons tout en \u0153uvre pour s\u00e9curiser vos donn\u00e9es.<\/p>\n\n\n\n<p><strong>Vos droits<\/strong><\/p>\n\n\n\n<p>Vous disposez des droits suivants concernant vos donn\u00e9es,<\/p>\n\n\n\n<p><a href=\"https:\/\/www.economie.gouv.fr\/entreprises\/reglement-general-protection-donnees-rgpd#:~:text=conformer%20au%20RGPD-,Le%20RGPD%2C%20qu%27est%2Dce%20que%20c%27est,application%20le%2025%20mai%202018.\">loi RGPD <\/a>:<\/p>\n\n\n\n<p>Le RGPD s\u2019inscrit dans la continuit\u00e9 de la&nbsp;<a href=\"https:\/\/www.legifrance.gouv.fr\/affichTexte.do?cidTexte=JORFTEXT000000886460\" target=\"_blank\" rel=\"noreferrer noopener\">loi fran\u00e7aise&nbsp;\u00ab&nbsp;Informatique et Libert\u00e9s&nbsp;\u00bb&nbsp;de 1978<\/a>,&nbsp;modifi\u00e9e par&nbsp;<a href=\"https:\/\/www.legifrance.gouv.fr\/jorf\/id\/JORFTEXT000037085952\" target=\"_blank\" rel=\"noreferrer noopener\">la loi du 20 juin 2018 relative \u00e0 la protection des donn\u00e9es personnelles<\/a>,&nbsp;<\/p>\n\n\n\n<p><strong>Droit d&rsquo;acc\u00e8s:<\/strong> Vous pouvez demander \u00e0 acc\u00e9der aux donn\u00e9es que nous d\u00e9tenons \u00e0 votre sujet.<\/p>\n\n\n\n<p><strong>Droit de rectification:<\/strong> Vous pouvez demander \u00e0 corriger toute information inexacte.<\/p>\n\n\n\n<p><strong>Droit \u00e0 l&rsquo;effacement:<\/strong> Vous pouvez demander la suppression de vos donn\u00e9es.<\/p>\n\n\n\n<p><strong>Droit d&rsquo;opposition:<\/strong> Vous pouvez vous opposer au traitement de vos donn\u00e9es.<\/p>\n\n\n\n<p><strong>Droit \u00e0 la limitation:<\/strong> Vous pouvez demander la limitation du traitement de vos donn\u00e9es.<\/p>\n\n\n\n<p>Vous pouvez saisir la <strong>CNIL:<\/strong> <a href=\"https:\/\/www.cnil.fr\/\" target=\"_blank\" rel=\"noreferrer noopener\">https:\/\/www.cnil.fr\/<\/a> si vous n&rsquo;\u00eates pas en accord avec notre charte.<\/p>\n\n\n\n<p><strong>Modifications de cette politique<\/strong><\/p>\n\n\n\n<p>Nous nous r\u00e9servons le droit de modifier la charte \u00e9thique du site web et du blog en accord avec les l\u00e9gislations \u00e0 venir.<\/p>\n\n\n\n<p><strong>CNIL:<\/strong> <a href=\"https:\/\/www.cnil.fr\/\" target=\"_blank\" rel=\"noreferrer noopener\">https:\/\/www.cnil.fr\/<\/a><\/p>\n\n\n\n<p><strong>Contact<\/strong><\/p>\n\n\n\n<p>Si vous avez des questions concernant cette politique de confidentialit\u00e9, veuillez nous contacter \u00e0 l&rsquo;adresse suivante : [contact [arobase] tassadanslesmyriades.fr]<\/p>\n\n\n\n<p><strong>Suppressions <\/strong><\/p>\n\n\n\n<p>Tous les commentaires irrespectueux, diffamatoires, complotistes, discriminants seront supprim\u00e9s et particuli\u00e8rement les commentaires homophobes, transphobes, ouvertement climatosceptiques, racistes, sexistes ou d\u00e9nigrants. <\/p>\n","protected":false},"excerpt":{"rendered":"<p>Mentions l\u00e9gales Introduction Tassadanslesmyriades.fr s&rsquo;engage \u00e0 respecter la confidentialit\u00e9 de vos donn\u00e9es personnelles. Cette politique de confidentialit\u00e9 a pour objectif de vous informer sur les donn\u00e9es que nous collectons, les raisons pour lesquelles nous les collectons et la mani\u00e8re dont nous les utilisons. Donn\u00e9es collect\u00e9es Nous pouvons collecter les types de donn\u00e9es suivants : Utilisation [&hellip;]<\/p>\n","protected":false},"author":1,"featured_media":0,"parent":0,"menu_order":0,"comment_status":"closed","ping_status":"closed","template":"","meta":{"footnotes":""},"class_list":["post-265","page","type-page","status-publish","hentry"],"_links":{"self":[{"href":"https:\/\/tassadanslesmyriades.fr\/index.php?rest_route=\/wp\/v2\/pages\/265","targetHints":{"allow":["GET"]}}],"collection":[{"href":"https:\/\/tassadanslesmyriades.fr\/index.php?rest_route=\/wp\/v2\/pages"}],"about":[{"href":"https:\/\/tassadanslesmyriades.fr\/index.php?rest_route=\/wp\/v2\/types\/page"}],"author":[{"embeddable":true,"href":"https:\/\/tassadanslesmyriades.fr\/index.php?rest_route=\/wp\/v2\/users\/1"}],"replies":[{"embeddable":true,"href":"https:\/\/tassadanslesmyriades.fr\/index.php?rest_route=%2Fwp%2Fv2%2Fcomments&post=265"}],"version-history":[{"count":8,"href":"https:\/\/tassadanslesmyriades.fr\/index.php?rest_route=\/wp\/v2\/pages\/265\/revisions"}],"predecessor-version":[{"id":802,"href":"https:\/\/tassadanslesmyriades.fr\/index.php?rest_route=\/wp\/v2\/pages\/265\/revisions\/802"}],"wp:attachment":[{"href":"https:\/\/tassadanslesmyriades.fr\/index.php?rest_route=%2Fwp%2Fv2%2Fmedia&parent=265"}],"curies":[{"name":"wp","href":"https:\/\/api.w.org\/{rel}","templated":true}]}}