{"id":37,"date":"2024-08-06T13:37:08","date_gmt":"2024-08-06T13:37:08","guid":{"rendered":"https:\/\/tassadanslesmyriades.fr\/?page_id=37"},"modified":"2024-08-29T19:57:54","modified_gmt":"2024-08-29T19:57:54","slug":"a-propos","status":"publish","type":"page","link":"https:\/\/tassadanslesmyriades.fr\/?page_id=37","title":{"rendered":"\u00c0 propos \ud83e\udd74"},"content":{"rendered":"\n<figure class=\"wp-block-image aligncenter size-medium\"><img loading=\"lazy\" decoding=\"async\" width=\"300\" height=\"300\" src=\"https:\/\/tassadanslesmyriades.fr\/wp-content\/uploads\/2024\/08\/tassadanslesmyriades-3-1-300x300.png\" alt=\"\" class=\"wp-image-204\" srcset=\"https:\/\/tassadanslesmyriades.fr\/wp-content\/uploads\/2024\/08\/tassadanslesmyriades-3-1-300x300.png 300w, https:\/\/tassadanslesmyriades.fr\/wp-content\/uploads\/2024\/08\/tassadanslesmyriades-3-1-1024x1024.png 1024w, https:\/\/tassadanslesmyriades.fr\/wp-content\/uploads\/2024\/08\/tassadanslesmyriades-3-1-150x150.png 150w, https:\/\/tassadanslesmyriades.fr\/wp-content\/uploads\/2024\/08\/tassadanslesmyriades-3-1-768x768.png 768w, https:\/\/tassadanslesmyriades.fr\/wp-content\/uploads\/2024\/08\/tassadanslesmyriades-3-1.png 1080w\" sizes=\"auto, (max-width: 300px) 100vw, 300px\" \/><\/figure>\n\n\n\n<pre class=\"wp-block-preformatted\">Oops <\/pre>\n\n\n\n<hr class=\"wp-block-separator has-alpha-channel-opacity\"\/>\n\n\n\n<div class=\"wp-block-columns is-layout-flex wp-container-core-columns-is-layout-28f84493 wp-block-columns-is-layout-flex\">\n<div class=\"wp-block-column is-layout-flow wp-block-column-is-layout-flow\" style=\"flex-basis:33.33%\">\n<div id=\"ez-toc-container\" class=\"ez-toc-v2_0_82_2 counter-hierarchy ez-toc-counter ez-toc-grey ez-toc-container-direction\">\r\n<div class=\"ez-toc-title-container\">\r\n<p class=\"ez-toc-title\" style=\"cursor:inherit\">Table of Contents<\/p>\r\n<span class=\"ez-toc-title-toggle\"><a href=\"#\" class=\"ez-toc-pull-right ez-toc-btn ez-toc-btn-xs ez-toc-btn-default ez-toc-toggle\" aria-label=\"Toggle Table of Content\"><span class=\"ez-toc-js-icon-con\"><span class=\"\"><span class=\"eztoc-hide\" style=\"display:none;\">Toggle<\/span><span class=\"ez-toc-icon-toggle-span\"><svg style=\"fill: #999;color:#999\" xmlns=\"http:\/\/www.w3.org\/2000\/svg\" class=\"list-377408\" width=\"20px\" height=\"20px\" viewBox=\"0 0 24 24\" fill=\"none\"><path d=\"M6 6H4v2h2V6zm14 0H8v2h12V6zM4 11h2v2H4v-2zm16 0H8v2h12v-2zM4 16h2v2H4v-2zm16 0H8v2h12v-2z\" fill=\"currentColor\"><\/path><\/svg><svg style=\"fill: #999;color:#999\" class=\"arrow-unsorted-368013\" xmlns=\"http:\/\/www.w3.org\/2000\/svg\" width=\"10px\" height=\"10px\" viewBox=\"0 0 24 24\" version=\"1.2\" baseProfile=\"tiny\"><path d=\"M18.2 9.3l-6.2-6.3-6.2 6.3c-.2.2-.3.4-.3.7s.1.5.3.7c.2.2.4.3.7.3h11c.3 0 .5-.1.7-.3.2-.2.3-.5.3-.7s-.1-.5-.3-.7zM5.8 14.7l6.2 6.3 6.2-6.3c.2-.2.3-.5.3-.7s-.1-.5-.3-.7c-.2-.2-.4-.3-.7-.3h-11c-.3 0-.5.1-.7.3-.2.2-.3.5-.3.7s.1.5.3.7z\"\/><\/svg><\/span><\/span><\/span><\/a><\/span><\/div>\r\n<nav><ul class='ez-toc-list ez-toc-list-level-1 ' ><li class='ez-toc-page-1 ez-toc-heading-level-2'><a class=\"ez-toc-link ez-toc-heading-1\" href=\"https:\/\/tassadanslesmyriades.fr\/?page_id=37\/#A_mon_sujet_Tassadanslesmyriades\" >\u00c0 mon sujet Tassadanslesmyriades<\/a><\/li><li class='ez-toc-page-1 ez-toc-heading-level-2'><a class=\"ez-toc-link ez-toc-heading-2\" href=\"https:\/\/tassadanslesmyriades.fr\/?page_id=37\/#Que_fais-je\" >Que fais-je ?<\/a><ul class='ez-toc-list-level-3' ><li class='ez-toc-heading-level-3'><a class=\"ez-toc-link ez-toc-heading-3\" href=\"https:\/\/tassadanslesmyriades.fr\/?page_id=37\/#Jecris\" >J\u2019\u00e9cris<\/a><\/li><li class='ez-toc-page-1 ez-toc-heading-level-3'><a class=\"ez-toc-link ez-toc-heading-4\" href=\"https:\/\/tassadanslesmyriades.fr\/?page_id=37\/#La_confidentialite\" >La confidentialit\u00e9<\/a><\/li><\/ul><\/li><\/ul><\/nav><\/div>\r\n<h2 class=\"wp-block-heading\"><span class=\"ez-toc-section\" id=\"A_mon_sujet_Tassadanslesmyriades\"><\/span>\u00c0 mon sujet <a href=\"https:\/\/pixelfed.fr\/i\/web\/post\/726472849374347928\">Tassadanslesmyriades<\/a><span class=\"ez-toc-section-end\"><\/span><\/h2>\n\n\n\n<figure class=\"wp-block-image aligncenter size-medium\"><img loading=\"lazy\" decoding=\"async\" width=\"300\" height=\"169\" src=\"https:\/\/tassadanslesmyriades.fr\/wp-content\/uploads\/2024\/08\/explorez-les-profondeurs-de-la-mer-1-300x169.png\" alt=\"\" class=\"wp-image-218\" srcset=\"https:\/\/tassadanslesmyriades.fr\/wp-content\/uploads\/2024\/08\/explorez-les-profondeurs-de-la-mer-1-300x169.png 300w, https:\/\/tassadanslesmyriades.fr\/wp-content\/uploads\/2024\/08\/explorez-les-profondeurs-de-la-mer-1-1024x576.png 1024w, https:\/\/tassadanslesmyriades.fr\/wp-content\/uploads\/2024\/08\/explorez-les-profondeurs-de-la-mer-1-768x432.png 768w, https:\/\/tassadanslesmyriades.fr\/wp-content\/uploads\/2024\/08\/explorez-les-profondeurs-de-la-mer-1-1536x864.png 1536w, https:\/\/tassadanslesmyriades.fr\/wp-content\/uploads\/2024\/08\/explorez-les-profondeurs-de-la-mer-1.png 2000w\" sizes=\"auto, (max-width: 300px) 100vw, 300px\" \/><figcaption class=\"wp-element-caption\"><a href=\"https:\/\/pixelfed.fr\/p\/Lesmyriades\/726758940395746032\">Tassadanslesmyriades<\/a><\/figcaption><\/figure>\n\n\n\n<div style=\"height:20px\" aria-hidden=\"true\" class=\"wp-block-spacer\"><\/div>\n<\/div>\n\n\n\n<div class=\"wp-block-column is-layout-flow wp-block-column-is-layout-flow\" style=\"flex-basis:66.66%\">\n<p><strong>\u00c9ditrice du site :<\/strong> Tal Amani, Chambray-l\u00e8s-Tours, France<\/p>\n\n\n\n<p><strong>Propri\u00e9taire du blog : <\/strong>Tassanee Alleau \u00e0 Chambray-l\u00e8s-Tours<\/p>\n\n\n\n<p><strong>Blogueuse(s) : <\/strong>@ tassadanslesmyriades<\/p>\n\n\n\n<p>Site h\u00e9berg\u00e9 chez Ikoula (France), si\u00e8ge social 2 Cit\u00e9 Paradis, 75010 Paris Contact :&nbsp;<a href=\"mailto:ikoula@ikoula.com\">ikoula@ikoula.com<\/a><\/p>\n\n\n\n<p><strong>CMS<\/strong> : WordPress.org<\/p>\n\n\n\n<p><strong>Contact sur Mastodon : <\/strong>instance <a href=\"https:\/\/piaille.fr\/@tassadanslesmyriades\">tassadanslesmyriades @ Piaille.fr <\/a><\/p>\n\n\n\n<p><strong>Mail pro : c<\/strong>ontact@tassadanslesmyriades.fr<\/p>\n\n\n\n<p><strong>Tip me : <\/strong><a href=\"https:\/\/ko-fi.com\/tassaneelesmyriades\">offre-moi un caf\u00e9 (avec l\u2019inflation bien s\u00fbr !)<\/a><\/p>\n\n\n\n<figure class=\"wp-block-image aligncenter size-medium\"><a href=\"https:\/\/ko-fi.com\/tassaneelesmyriades\"><img loading=\"lazy\" decoding=\"async\" width=\"300\" height=\"139\" src=\"https:\/\/tassadanslesmyriades.fr\/wp-content\/uploads\/2024\/08\/img_1210-1-300x139.jpg\" alt=\"Bouton Buy me a Kofi\" class=\"wp-image-472\" srcset=\"https:\/\/tassadanslesmyriades.fr\/wp-content\/uploads\/2024\/08\/img_1210-1-300x139.jpg 300w, https:\/\/tassadanslesmyriades.fr\/wp-content\/uploads\/2024\/08\/img_1210-1.jpg 534w\" sizes=\"auto, (max-width: 300px) 100vw, 300px\" \/><\/a><\/figure>\n\n\n\n<p>Tous les propos sur le blog sont les miens et mon opinion propre. J\u2019apprends tous les jours et je t\u00e2tonne dans bien des domaines, de ce fait, je ne suis sp\u00e9cialiste de rien \u00e0 part de mes sp\u00e9cialit\u00e9s artistique et scientifique. Mes avis peuvent fluctuer et changer au cours du temps comme le d\u00e9montre mes anciens billets de blog et les pouMerci donc pour votre ouverture d\u2019esprit. Tous les commentaires sont les bienvenus sauf mentions irrespectueuses, discriminantes et diffamatoires.<\/p>\n\n\n\n<hr class=\"wp-block-separator has-alpha-channel-opacity\"\/>\n\n\n\n<p><strong>Soutien :<\/strong><\/p>\n\n\n\n<figure class=\"wp-block-image aligncenter size-thumbnail\"><img loading=\"lazy\" decoding=\"async\" width=\"150\" height=\"150\" src=\"https:\/\/tassadanslesmyriades.fr\/wp-content\/uploads\/2024\/08\/img_1153-1-150x150.png\" alt=\"\" class=\"wp-image-429\" srcset=\"https:\/\/tassadanslesmyriades.fr\/wp-content\/uploads\/2024\/08\/img_1153-1-150x150.png 150w, https:\/\/tassadanslesmyriades.fr\/wp-content\/uploads\/2024\/08\/img_1153-1-300x300.png 300w, https:\/\/tassadanslesmyriades.fr\/wp-content\/uploads\/2024\/08\/img_1153-1.png 480w\" sizes=\"auto, (max-width: 150px) 100vw, 150px\" \/><\/figure>\n\n\n\n<figure class=\"wp-block-image aligncenter size-thumbnail\"><img loading=\"lazy\" decoding=\"async\" width=\"150\" height=\"150\" src=\"https:\/\/tassadanslesmyriades.fr\/wp-content\/uploads\/2024\/08\/img_1154-150x150.jpg\" alt=\"\" class=\"wp-image-430\"\/><\/figure>\n\n\n\n<figure class=\"wp-block-image aligncenter size-thumbnail\"><img loading=\"lazy\" decoding=\"async\" width=\"150\" height=\"150\" src=\"https:\/\/tassadanslesmyriades.fr\/wp-content\/uploads\/2024\/08\/img_1155-1-150x150.jpg\" alt=\"\" class=\"wp-image-433\" srcset=\"https:\/\/tassadanslesmyriades.fr\/wp-content\/uploads\/2024\/08\/img_1155-1-150x150.jpg 150w, https:\/\/tassadanslesmyriades.fr\/wp-content\/uploads\/2024\/08\/img_1155-1-300x300.jpg 300w, https:\/\/tassadanslesmyriades.fr\/wp-content\/uploads\/2024\/08\/img_1155-1.jpg 640w\" sizes=\"auto, (max-width: 150px) 100vw, 150px\" \/><\/figure>\n<\/div>\n<\/div>\n\n\n\n<div class=\"wp-block-columns is-layout-flex wp-container-core-columns-is-layout-28f84493 wp-block-columns-is-layout-flex\">\n<div class=\"wp-block-column is-layout-flow wp-block-column-is-layout-flow\" style=\"flex-basis:33.33%\">\n<h2 class=\"wp-block-heading\"><span class=\"ez-toc-section\" id=\"Que_fais-je\"><\/span>Que fais-je ?<span class=\"ez-toc-section-end\"><\/span><\/h2>\n\n\n\n<figure class=\"wp-block-image aligncenter size-large\"><a href=\"https:\/\/pixelfed.fr\/i\/web\/profile\/726466431025135753\" target=\"_blank\" rel=\"noreferrer noopener\"><img loading=\"lazy\" decoding=\"async\" width=\"756\" height=\"1024\" src=\"https:\/\/tassadanslesmyriades.fr\/wp-content\/uploads\/2024\/08\/img_1106-1-756x1024.jpg\" alt=\"Photo du fil Pixelfed\" class=\"wp-image-325\" srcset=\"https:\/\/tassadanslesmyriades.fr\/wp-content\/uploads\/2024\/08\/img_1106-1-756x1024.jpg 756w, https:\/\/tassadanslesmyriades.fr\/wp-content\/uploads\/2024\/08\/img_1106-1-221x300.jpg 221w, https:\/\/tassadanslesmyriades.fr\/wp-content\/uploads\/2024\/08\/img_1106-1-768x1041.jpg 768w, https:\/\/tassadanslesmyriades.fr\/wp-content\/uploads\/2024\/08\/img_1106-1-1133x1536.jpg 1133w, https:\/\/tassadanslesmyriades.fr\/wp-content\/uploads\/2024\/08\/img_1106-1.jpg 1284w\" sizes=\"auto, (max-width: 756px) 100vw, 756px\" \/><\/a><figcaption class=\"wp-element-caption\">Peu de choses et beaucoup quand m\u00eame<\/figcaption><\/figure>\n\n\n\n<div style=\"height:20px\" aria-hidden=\"true\" class=\"wp-block-spacer\"><\/div>\n<\/div>\n\n\n\n<div class=\"wp-block-column is-layout-flow wp-block-column-is-layout-flow\" style=\"flex-basis:66.66%\">\n<h3 class=\"wp-block-heading\"><span class=\"ez-toc-section\" id=\"Jecris\"><\/span>J\u2019\u00e9cris <span class=\"ez-toc-section-end\"><\/span><\/h3>\n\n\n\n<p>Avant tout j\u2019\u00e9cris. Et cela fait plus de quinze ans que je blogue. Et ce blog a \u00e9t\u00e9 recr\u00e9\u00e9 avec tous les articles que j\u2019ai \u00e9crits sur les trois pr\u00e9c\u00e9dents blogs. <\/p>\n\n\n\n<p>Apr\u00e8s je dessine et je peins des trucs. <\/p>\n\n\n\n<p>J\u2019apprends tous les jours. <\/p>\n\n\n\n<p>Artiste et chercheuse au quotidien.<\/p>\n\n\n\n<figure class=\"wp-block-image aligncenter size-large\"><img loading=\"lazy\" decoding=\"async\" width=\"480\" height=\"240\" src=\"https:\/\/tassadanslesmyriades.fr\/wp-content\/uploads\/2024\/08\/img_1158.gif\" alt=\"\" class=\"wp-image-444\"\/><\/figure>\n\n\n\n<div style=\"height:20px\" aria-hidden=\"true\" class=\"wp-block-spacer\"><\/div>\n\n\n\n<h3 class=\"wp-block-heading\"><span class=\"ez-toc-section\" id=\"La_confidentialite\"><\/span>La confidentialit\u00e9 <span class=\"ez-toc-section-end\"><\/span><\/h3>\n\n\n\n<p>Vous pouvez d\u00e9poser des commentaires dans la section d\u00e9di\u00e9e sous chaque article. Vos commentaires n\u2019\u00e9tant pas anonymes, m\u00eame avec un pseudonyme, vous pouvez les supprimer d\u00e9finitivement ou me demander de le faire.<\/p>\n\n\n\n<p>WordPress utilise des cookies statistiques pour am\u00e9liorer les services et les rendre plus adapt\u00e9s. \ud83c\udf6a Vous pouvez choisir de les refuser.<\/p>\n<\/div>\n<\/div>\n\n\n\n<figure class=\"wp-block-embed\"><div class=\"wp-block-embed__wrapper\">\nhttps:\/\/pixelfed.fr\/p\/Lesmyriades\/732473585949442536\/embed?caption=true&#038;likes=false&#038;layout=full\n<\/div><\/figure>\n","protected":false},"excerpt":{"rendered":"<p>Mentions l\u00e9gales et autrice du blog <\/p>\n","protected":false},"author":1,"featured_media":0,"parent":0,"menu_order":0,"comment_status":"closed","ping_status":"closed","template":"","meta":{"footnotes":""},"class_list":["post-37","page","type-page","status-publish","hentry"],"_links":{"self":[{"href":"https:\/\/tassadanslesmyriades.fr\/index.php?rest_route=\/wp\/v2\/pages\/37","targetHints":{"allow":["GET"]}}],"collection":[{"href":"https:\/\/tassadanslesmyriades.fr\/index.php?rest_route=\/wp\/v2\/pages"}],"about":[{"href":"https:\/\/tassadanslesmyriades.fr\/index.php?rest_route=\/wp\/v2\/types\/page"}],"author":[{"embeddable":true,"href":"https:\/\/tassadanslesmyriades.fr\/index.php?rest_route=\/wp\/v2\/users\/1"}],"replies":[{"embeddable":true,"href":"https:\/\/tassadanslesmyriades.fr\/index.php?rest_route=%2Fwp%2Fv2%2Fcomments&post=37"}],"version-history":[{"count":32,"href":"https:\/\/tassadanslesmyriades.fr\/index.php?rest_route=\/wp\/v2\/pages\/37\/revisions"}],"predecessor-version":[{"id":800,"href":"https:\/\/tassadanslesmyriades.fr\/index.php?rest_route=\/wp\/v2\/pages\/37\/revisions\/800"}],"wp:attachment":[{"href":"https:\/\/tassadanslesmyriades.fr\/index.php?rest_route=%2Fwp%2Fv2%2Fmedia&parent=37"}],"curies":[{"name":"wp","href":"https:\/\/api.w.org\/{rel}","templated":true}]}}