{"id":70,"date":"2024-08-06T14:23:55","date_gmt":"2024-08-06T14:23:55","guid":{"rendered":"https:\/\/tassadanslesmyriades.fr\/?page_id=70"},"modified":"2024-09-09T07:08:43","modified_gmt":"2024-09-09T07:08:43","slug":"page-ressources","status":"publish","type":"page","link":"https:\/\/tassadanslesmyriades.fr\/?page_id=70","title":{"rendered":"Page \u00ab\u00a0ressources\u00a0\u00bb \ud83c\udf31"},"content":{"rendered":"\n<figure class=\"wp-block-image aligncenter size-medium\"><img loading=\"lazy\" decoding=\"async\" width=\"300\" height=\"300\" src=\"https:\/\/tassadanslesmyriades.fr\/wp-content\/uploads\/2024\/08\/tassadanslesmyriades-2-1-300x300.png\" alt=\"\" class=\"wp-image-199\" srcset=\"https:\/\/tassadanslesmyriades.fr\/wp-content\/uploads\/2024\/08\/tassadanslesmyriades-2-1-300x300.png 300w, https:\/\/tassadanslesmyriades.fr\/wp-content\/uploads\/2024\/08\/tassadanslesmyriades-2-1-1024x1024.png 1024w, https:\/\/tassadanslesmyriades.fr\/wp-content\/uploads\/2024\/08\/tassadanslesmyriades-2-1-150x150.png 150w, https:\/\/tassadanslesmyriades.fr\/wp-content\/uploads\/2024\/08\/tassadanslesmyriades-2-1-768x768.png 768w, https:\/\/tassadanslesmyriades.fr\/wp-content\/uploads\/2024\/08\/tassadanslesmyriades-2-1.png 1080w\" sizes=\"auto, (max-width: 300px) 100vw, 300px\" \/><\/figure>\n\n\n\n<p>Sur cette page, voici quelques ressources utiles.<\/p>\n\n\n\n<hr class=\"wp-block-separator has-alpha-channel-opacity\"\/>\n\n\n\n<div id=\"ez-toc-container\" class=\"ez-toc-v2_0_82_2 counter-hierarchy ez-toc-counter ez-toc-grey ez-toc-container-direction\">\r\n<div class=\"ez-toc-title-container\">\r\n<p class=\"ez-toc-title\" style=\"cursor:inherit\">Table of Contents<\/p>\r\n<span class=\"ez-toc-title-toggle\"><a href=\"#\" class=\"ez-toc-pull-right ez-toc-btn ez-toc-btn-xs ez-toc-btn-default ez-toc-toggle\" aria-label=\"Toggle Table of Content\"><span class=\"ez-toc-js-icon-con\"><span class=\"\"><span class=\"eztoc-hide\" style=\"display:none;\">Toggle<\/span><span class=\"ez-toc-icon-toggle-span\"><svg style=\"fill: #999;color:#999\" xmlns=\"http:\/\/www.w3.org\/2000\/svg\" class=\"list-377408\" width=\"20px\" height=\"20px\" viewBox=\"0 0 24 24\" fill=\"none\"><path d=\"M6 6H4v2h2V6zm14 0H8v2h12V6zM4 11h2v2H4v-2zm16 0H8v2h12v-2zM4 16h2v2H4v-2zm16 0H8v2h12v-2z\" fill=\"currentColor\"><\/path><\/svg><svg style=\"fill: #999;color:#999\" class=\"arrow-unsorted-368013\" xmlns=\"http:\/\/www.w3.org\/2000\/svg\" width=\"10px\" height=\"10px\" viewBox=\"0 0 24 24\" version=\"1.2\" baseProfile=\"tiny\"><path d=\"M18.2 9.3l-6.2-6.3-6.2 6.3c-.2.2-.3.4-.3.7s.1.5.3.7c.2.2.4.3.7.3h11c.3 0 .5-.1.7-.3.2-.2.3-.5.3-.7s-.1-.5-.3-.7zM5.8 14.7l6.2 6.3 6.2-6.3c.2-.2.3-.5.3-.7s-.1-.5-.3-.7c-.2-.2-.4-.3-.7-.3h-11c-.3 0-.5.1-.7.3-.2.2-.3.5-.3.7s.1.5.3.7z\"\/><\/svg><\/span><\/span><\/span><\/a><\/span><\/div>\r\n<nav><ul class='ez-toc-list ez-toc-list-level-1 ' ><li class='ez-toc-page-1 ez-toc-heading-level-2'><a class=\"ez-toc-link ez-toc-heading-1\" href=\"https:\/\/tassadanslesmyriades.fr\/?page_id=70\/#Mes_repertoires_ailleurs_sur_le_web\" >Mes r\u00e9pertoires ailleurs sur le web<\/a><\/li><li class='ez-toc-page-1 ez-toc-heading-level-2'><a class=\"ez-toc-link ez-toc-heading-2\" href=\"https:\/\/tassadanslesmyriades.fr\/?page_id=70\/#Ressources_en_ligne\" >Ressources en ligne<\/a><ul class='ez-toc-list-level-4' ><li class='ez-toc-heading-level-4'><ul class='ez-toc-list-level-4' ><li class='ez-toc-heading-level-4'><a class=\"ez-toc-link ez-toc-heading-3\" href=\"https:\/\/tassadanslesmyriades.fr\/?page_id=70\/#Medias\" >M\u00e9dias :<\/a><\/li><\/ul><\/li><\/ul><\/li><li class='ez-toc-page-1 ez-toc-heading-level-2'><a class=\"ez-toc-link ez-toc-heading-4\" href=\"https:\/\/tassadanslesmyriades.fr\/?page_id=70\/#Les_blogs_qui_minspirent\" >Les blogs qui m\u2019inspirent :<\/a><\/li><li class='ez-toc-page-1 ez-toc-heading-level-2'><a class=\"ez-toc-link ez-toc-heading-5\" href=\"https:\/\/tassadanslesmyriades.fr\/?page_id=70\/#Blog_de_dev\" >Blog de dev :<\/a><\/li><li class='ez-toc-page-1 ez-toc-heading-level-2'><a class=\"ez-toc-link ez-toc-heading-6\" href=\"https:\/\/tassadanslesmyriades.fr\/?page_id=70\/#Annuaires\" >Annuaires :<\/a><\/li><li class='ez-toc-page-1 ez-toc-heading-level-2'><a class=\"ez-toc-link ez-toc-heading-7\" href=\"https:\/\/tassadanslesmyriades.fr\/?page_id=70\/#Applis_du_Fediverse\" >Applis du Fediverse :<\/a><\/li><li class='ez-toc-page-1 ez-toc-heading-level-2'><a class=\"ez-toc-link ez-toc-heading-8\" href=\"https:\/\/tassadanslesmyriades.fr\/?page_id=70\/#Outils_web\" >Outils web :<\/a><\/li><li class='ez-toc-page-1 ez-toc-heading-level-2'><a class=\"ez-toc-link ez-toc-heading-9\" href=\"https:\/\/tassadanslesmyriades.fr\/?page_id=70\/#Jeux_indes\" >Jeux ind\u00e9s :<\/a><\/li><li class='ez-toc-page-1 ez-toc-heading-level-2'><a class=\"ez-toc-link ez-toc-heading-10\" href=\"https:\/\/tassadanslesmyriades.fr\/?page_id=70\/#Les_alternatives\" >Les alternatives<\/a><\/li><\/ul><\/nav><\/div>\r\n<h2 class=\"wp-block-heading\"><span class=\"ez-toc-section\" id=\"Mes_repertoires_ailleurs_sur_le_web\"><\/span>Mes r\u00e9pertoires ailleurs sur le web<span class=\"ez-toc-section-end\"><\/span><\/h2>\n\n\n\n<p>Mon site GitHub : <a href=\"https:\/\/lesmyriades.github.io\/\">\/Les Myriades<\/a><\/p>\n\n\n\n<p>Pixelfed Perso : <a href=\"https:\/\/pixelfed.fr\/i\/web\/profile\/726466431025135753\">\/lesmyriades<\/a> (Tal Amani)<\/p>\n\n\n\n<p>Carnet de th\u00e8se : <a href=\"https:\/\/histoiresnat.hypotheses.org\/\">Histoires naturelles<\/a><\/p>\n\n\n\n<p>Peertube : <a href=\"https:\/\/peertube.fr\/c\/les_myriades\/videos\">les myriades<\/a><\/p>\n\n\n\n<p>Mon labo d\u2019exp\u00e9rimentations : <a href=\"http:\/\/laboduradis.fr\">laboduradis.fr<\/a><\/p>\n\n\n\n<p>Gemini : <a href=\"gemini:\/\/gemlog.blue\/users\/Tassadanslesmyriades\/\">gemini:\/\/gemlog.blue\/users\/Tassadanslesmyriades\/<\/a><\/p>\n\n\n\n<hr class=\"wp-block-separator has-alpha-channel-opacity\"\/>\n\n\n\n<h2 class=\"wp-block-heading has-text-align-center\"><span class=\"ez-toc-section\" id=\"Ressources_en_ligne\"><\/span>Ressources en ligne<span class=\"ez-toc-section-end\"><\/span><\/h2>\n\n\n\n<p><a href=\"https:\/\/tassadanslesmyriades.fr\/?p=626\">Liste de cha\u00eenes sur <em>Peertube<\/em><\/a><\/p>\n\n\n\n<p><a href=\"https:\/\/tassadanslesmyriades.fr\/?p=668\">Liste des cha\u00eenes Live <em>Owncast<\/em><\/a><\/p>\n\n\n\n<h4 class=\"wp-block-heading\"><span class=\"ez-toc-section\" id=\"Medias\"><\/span><strong>M\u00e9dias<\/strong> :<span class=\"ez-toc-section-end\"><\/span><\/h4>\n\n\n\n<ul class=\"wp-block-list\">\n<li><a href=\"https:\/\/lisiereswebzine.com\">Lisi\u00e8res Webzine <\/a>(m\u00e9dia du Collectif \u00c9thique Sph\u00e8re)<\/li>\n<\/ul>\n\n\n\n<ul class=\"wp-block-list\">\n<li><a href=\"https:\/\/usbeketrica.com\/fr\">Usbek &amp; Rica<\/a><\/li>\n\n\n\n<li><a href=\"https:\/\/basta.media\/\">Basta<\/a>!<\/li>\n\n\n\n<li><a href=\"https:\/\/www.alternatives-economiques.fr\/\">Alternatives \u00e9conomiques<\/a><\/li>\n\n\n\n<li><a href=\"https:\/\/www.blast-info.fr\/\">Blast<\/a><\/li>\n\n\n\n<li><a href=\"https:\/\/www.bondyblog.fr\/\">BondyBlog<\/a><\/li>\n<\/ul>\n\n\n\n<hr class=\"wp-block-separator has-alpha-channel-opacity\"\/>\n\n\n\n<h2 class=\"wp-block-heading\"><span class=\"ez-toc-section\" id=\"Les_blogs_qui_minspirent\"><\/span><strong>Les blogs qui m\u2019inspirent :<\/strong><span class=\"ez-toc-section-end\"><\/span><\/h2>\n\n\n\n<ul class=\"wp-block-list\">\n<li>Archives <a href=\"https:\/\/archive.framalibre.org\/rubrique371.html\">Frama libre<\/a><\/li>\n\n\n\n<li><a href=\"https:\/\/echosverts.com\">\u00c9chos Verts <\/a><\/li>\n\n\n\n<li>Le <a href=\"https:\/\/framablog.org\/\">Framablog<\/a><\/li>\n\n\n\n<li><a href=\"http:\/\/www.ploum.net\">Www.ploum.net<\/a><\/li>\n\n\n\n<li><a href=\"https:\/\/hello-hello.fr\/\">HELLO BLOGZINE<\/a><\/li>\n\n\n\n<li><a href=\"https:\/\/www.theminimalists.com\/archives\/\">Blog The Minimalists<\/a><\/li>\n\n\n\n<li><a href=\"https:\/\/mellowwindow.substack.com\/p\/ma-routine-bien-etre?utm_source=profile&amp;utm_medium=reader2\">The Mellow Window<\/a><\/li>\n\n\n\n<li><a href=\"https:\/\/cerclesdelecturesfeministes.kessel.media\/posts?landing=true\">La newsletter du Cercle de lectures f\u00e9ministes <\/a><\/li>\n\n\n\n<li><a href=\"https:\/\/blogs.mediapart.fr\/\">le Club de Mediapart<\/a><\/li>\n\n\n\n<li><a href=\"https:\/\/f6ff9996.sibforms.com\/serve\/MUIEAEh46WD_b_9K1jMUZggZ41TuRHF9f6FKj_zFDaLJEN7mFL47BfdTOvcgEaW_GLKl_Qx1zgw7_xXrbWTHHuP2W6ExDmh3OccQ2TQ81u06yzKS8HqB_6adc1MLZKK1BtUO2aayEAQBD2R5HTUBRvnv6tfKqjuN16K6lt1wOI4sGdJMwGdjNsfSxI0yWlSSsKM9DYFs7fvg8_wB\">La newsletter des \u00c9pineuses <\/a><\/li>\n\n\n\n<li><a href=\"https:\/\/witanddelight.com\/meet-kate\/\">Wit&amp;Delight<\/a><\/li>\n\n\n\n<li><a href=\"https:\/\/cupofjo.com\/\">CupOfJo<\/a><\/li>\n\n\n\n<li><a href=\"https:\/\/abeautifulmess.com\/\">a beautiful mess<\/a><\/li>\n\n\n\n<li><a href=\"https:\/\/ynote.hk\/\">Ynote_hk<\/a><\/li>\n\n\n\n<li><a href=\"https:\/\/thierryjoffredo.frama.io\/\">thierryjoffredo<\/a><\/li>\n\n\n\n<li><a href=\"https:\/\/framablog.org\/2022\/11\/11\/le-fedivers-est-tellement-plus-grand-que-mastodon\/\">Framablog<\/a> &#8211; <a href=\"https:\/\/docs.framasoft.org\/fr\/mastodon\/User-guide.html#confidentialit\u00e9-s\u00fbret\u00e9-et-s\u00e9curit\u00e9\">Tuto ici<\/a><\/li>\n\n\n\n<li><a href=\"https:\/\/fediversereport.com\/\">The Fediverse Report<\/a><\/li>\n<\/ul>\n\n\n\n<hr class=\"wp-block-separator has-alpha-channel-opacity\"\/>\n\n\n\n<h2 class=\"wp-block-heading\"><span class=\"ez-toc-section\" id=\"Blog_de_dev\"><\/span><strong>Blog de dev :<\/strong><span class=\"ez-toc-section-end\"><\/span><\/h2>\n\n\n\n<p><a href=\"https:\/\/alexsoyes.com\/\">https:\/\/alexsoyes.com\/<\/a><\/p>\n\n\n\n<p><a href=\"https:\/\/stefanbohacek.com\/blog\/\">https:\/\/stefanbohacek.com\/blog\/<\/a><\/p>\n\n\n\n<p><a href=\"https:\/\/larlet.fr\/david\/\">https:\/\/larlet.fr\/david\/<\/a><\/p>\n\n\n\n<p><a href=\"https:\/\/gofoss.net\/fr\/fediverse\/\">https:\/\/gofoss.net\/fr\/fediverse\/<\/a><\/p>\n\n\n\n<p><\/p>\n\n\n\n<hr class=\"wp-block-separator has-alpha-channel-opacity\"\/>\n\n\n\n<h2 class=\"wp-block-heading\"><span class=\"ez-toc-section\" id=\"Annuaires\"><\/span><strong>Annuaires<\/strong> :<span class=\"ez-toc-section-end\"><\/span><\/h2>\n\n\n\n<p><a href=\"https:\/\/framalibre.org\/\">Framalibre<\/a><\/p>\n\n\n\n<p><a href=\"https:\/\/jointhefediverse.net\/?lang=fr\">Qu\u2019est-ce que le Fediverse<\/a><\/p>\n\n\n\n<p><a href=\"https:\/\/fediverse.observer\/\">Le Fediverse<\/a> <a href=\"https:\/\/fediverse.observer\/\">Observer<\/a><\/p>\n\n\n\n<p><a href=\"https:\/\/fedi.directory\/\">Fedi.Directory<\/a><\/p>\n\n\n\n<p><a href=\"https:\/\/alternativeto.net\/software\/fairemail\/\">Alternative .to<\/a><\/p>\n\n\n\n<p><a href=\"https:\/\/joinfediverse.wiki\/Main_Page\/fr\">Jointhefediverse<\/a> wiki <\/p>\n\n\n\n<p><a href=\"https:\/\/jointhefediverse.net\/learn?lang=fr\">Jointhefediverse.net<\/a><\/p>\n\n\n\n<p><a href=\"https:\/\/joinfediverse.org\/#choix\">Joinfediverse<\/a><\/p>\n\n\n\n<h2 class=\"wp-block-heading\"><span class=\"ez-toc-section\" id=\"Applis_du_Fediverse\"><\/span><strong>Applis du Fediverse : <\/strong><span class=\"ez-toc-section-end\"><\/span><\/h2>\n\n\n\n<p><a href=\"https:\/\/www.funkwhale.audio\/\">https:\/\/www.funkwhale.audio\/<\/a><\/p>\n\n\n\n<p><a href=\"https:\/\/degooglisons-internet.org\/\">https:\/\/degooglisons-internet.org\/<\/a><\/p>\n\n\n\n<h2 class=\"wp-block-heading\"><span class=\"ez-toc-section\" id=\"Outils_web\"><\/span><strong>Outils web :<\/strong><span class=\"ez-toc-section-end\"><\/span><\/h2>\n\n\n\n<p><a href=\"https:\/\/archive.org\/\">https:\/\/archive.org\/<\/a><\/p>\n\n\n\n<p><a href=\"https:\/\/web.archive.org\/\">https:\/\/web.archive.org\/<\/a><\/p>\n\n\n\n<h2 class=\"wp-block-heading\"><span class=\"ez-toc-section\" id=\"Jeux_indes\"><\/span><strong>Jeux<\/strong> <strong>ind\u00e9s<\/strong> :<span class=\"ez-toc-section-end\"><\/span><\/h2>\n\n\n\n<p><a href=\"https:\/\/bitsy.org\/\">https:\/\/bitsy.org\/<\/a><\/p>\n\n\n\n<hr class=\"wp-block-separator has-alpha-channel-opacity\"\/>\n\n\n\n<div style=\"height:24px\" aria-hidden=\"true\" class=\"wp-block-spacer\"><\/div>\n\n\n\n<h2 class=\"wp-block-heading\"><span class=\"ez-toc-section\" id=\"Les_alternatives\"><\/span><strong>Les alternatives<\/strong><span class=\"ez-toc-section-end\"><\/span><\/h2>\n\n\n\n<p>Mail : <a href=\"https:\/\/proton.me\/fr\/mail\">Proton Mail<\/a><\/p>\n\n\n\n<p>Calendrier : <a href=\"https:\/\/proton.me\/fr\/mail\">Proton Calendrier <\/a> ou <a href=\"https:\/\/framagenda.org\/\">FramaAgenda<\/a><\/p>\n\n\n\n<p>Drive : <a href=\"https:\/\/nextcloud.com\/fr\/\">NextCloud<\/a> ou <a href=\"https:\/\/www.infomaniak.com\/fr\/kdrive\">KDrive<\/a> \/ <a href=\"https:\/\/proton.me\/fr\/mail\">Proton<\/a><\/p>\n\n\n\n<p>Navigateur web : <a href=\"https:\/\/www.mozilla.org\/fr\/firefox\/new\/\">Firefox<\/a> ou <a href=\"https:\/\/brave.com\/fr\/\">Brave<\/a><\/p>\n\n\n\n<p>YouTube pour cr\u00e9ateur &#8211; ice : <a href=\"https:\/\/joinpeertube.org\/instances?profile=video-maker&amp;themes=4&amp;nsfw=blur&amp;quota=5000000000&amp;isStreamer=yes\">Peertube<\/a> (<a href=\"https:\/\/sepiasearch.org\/\">s\u00e9pia search<\/a>) ou <a href=\"https:\/\/yewtu.be\/\">Yewtube<\/a><\/p>\n\n\n\n<p>Instagram : <a href=\"https:\/\/pixelfed.fr\/i\/web\">Pixelfed<\/a> <\/p>\n\n\n\n<p>Twitter : <a href=\"https:\/\/joinmastodon.org\/fr\">Mastodon<\/a> ou <a href=\"https:\/\/bsky.social\/about\">BlueSky<\/a><\/p>\n\n\n\n<p>Google : <a href=\"https:\/\/duckduckgo.com\/\">DuckDuckGo<\/a> \/ Qwant \/ Wikipedia <\/p>\n\n\n\n<p>Microsoft ou Apple : <a href=\"https:\/\/www.google.com\/search?q=linux&amp;ie=UTF-8&amp;oe=UTF-8&amp;hl=fr-fr&amp;client=safari\">Linux<\/a> (<a href=\"https:\/\/kubuntu.org\/\">Kubuntu<\/a>, Ubuntu, <a href=\"https:\/\/www.debian.org\/index.fr.html\">Debian<\/a> ou Mint)<\/p>\n\n\n\n<p>Musique : <a href=\"https:\/\/bandcamp.com\/\">Bandcamp<\/a>, <a href=\"https:\/\/m.soundcloud.com\/\">SoundCloud<\/a> \/ CD ou vinyles <\/p>\n\n\n\n<p>Word : <a href=\"https:\/\/fr.libreoffice.org\/download\/telecharger-libreoffice\/\">Libre Office<\/a> \/ Excel : <a href=\"https:\/\/framacalc.org\/\">Framacalc<\/a>G<\/p>\n\n\n\n<p>Google Docs : <a href=\"https:\/\/framapad.org\/\">Framapad<\/a><\/p>\n\n\n\n<p>WordPress.com\/Blogspot\/Medium : <a href=\"https:\/\/wordpress.org\/\">WordPress.org<\/a> et <a href=\"https:\/\/write.as\/\">Write.as<\/a><\/p>\n\n\n\n<p>GitHub (qui appartient \u00e0 Microsoft) : <a href=\"https:\/\/framagit.org\/\">FramaGit<\/a> <\/p>\n\n\n\n<p>Netflix : achetez des films directement aux cr\u00e9ateur-ices \/ licences de streaming en biblioth\u00e8que \/ <a href=\"https:\/\/www.on-tenk.com\/fr\">T\u00ebnk<\/a> \/ <a href=\"https:\/\/www.filmotv.fr\/\">Filmo<\/a> \/ Arte VOD \/ revenez aux DVD- Blue-ray<\/p>\n\n\n\n<p>Organisation : <a href=\"https:\/\/logseq.com\/\">Logseq<\/a> et <a href=\"https:\/\/framindmap.org\/\">Framamind<\/a><\/p>\n\n\n\n<p>Reddit : <a href=\"https:\/\/join-lemmy.org\/instances\">Lemmy<\/a><\/p>\n\n\n\n<p>Twitch : <a href=\"https:\/\/owncast.online\/\">Owncast<\/a><\/p>\n\n\n\n<p>Skype \/ Teams \/ Google Meet : <a href=\"https:\/\/framatalk.org\/\">Framatalk<\/a><\/p>\n\n\n\n<p>Jeux : <a href=\"https:\/\/framagames.org\/\">Framagames<\/a><\/p>\n\n\n\n<p>Microsoft Forms et Google Forms : F<a href=\"https:\/\/framaforms.org\/\">ramaforms<\/a><\/p>\n\n\n\n<p>Sondage : <a href=\"https:\/\/framadate.org\/\">Framadate<\/a><\/p>\n\n\n\n<p>Outils divers : comme les PDF sur F<a href=\"https:\/\/framalab.org\/fr\/\">ramalab<\/a><\/p>\n\n\n\n<p>Google maps : <a href=\"https:\/\/framacarte.org\/abc\/fr\/\">Frama Cartes<\/a> ou <a href=\"https:\/\/www.openstreetmap.org\/#map=5\/46.45\/2.21\">OpenstreetMaps<\/a><\/p>\n\n\n\n<hr class=\"wp-block-separator has-css-opacity is-style-wide\"\/>\n\n\n\n<div style=\"height:24px\" aria-hidden=\"true\" class=\"wp-block-spacer\"><\/div>\n\n\n\n<div class=\"wp-block-buttons is-horizontal is-content-justification-center is-layout-flex wp-container-core-buttons-is-layout-03627597 wp-block-buttons-is-layout-flex\">\n<div class=\"wp-block-button aligncenter\"><a class=\"wp-block-button__link wp-element-button\" href=\"https:\/\/piaille.fr\/@tassadanslesmyriades\" rel=\"\">Contactez-moi<\/a><\/div>\n<\/div>\n\n\n\n<div style=\"height:24px\" aria-hidden=\"true\" class=\"wp-block-spacer\"><\/div>\n\n\n\n<hr class=\"wp-block-separator has-css-opacity is-style-wide\"\/>\n\n\n\n<p><\/p>\n\n\n\n<p><\/p>\n","protected":false},"excerpt":{"rendered":"<p>sur cette page vous trouverez des ressources <\/p>\n","protected":false},"author":1,"featured_media":0,"parent":0,"menu_order":0,"comment_status":"closed","ping_status":"closed","template":"","meta":{"footnotes":""},"class_list":["post-70","page","type-page","status-publish","hentry"],"_links":{"self":[{"href":"https:\/\/tassadanslesmyriades.fr\/index.php?rest_route=\/wp\/v2\/pages\/70","targetHints":{"allow":["GET"]}}],"collection":[{"href":"https:\/\/tassadanslesmyriades.fr\/index.php?rest_route=\/wp\/v2\/pages"}],"about":[{"href":"https:\/\/tassadanslesmyriades.fr\/index.php?rest_route=\/wp\/v2\/types\/page"}],"author":[{"embeddable":true,"href":"https:\/\/tassadanslesmyriades.fr\/index.php?rest_route=\/wp\/v2\/users\/1"}],"replies":[{"embeddable":true,"href":"https:\/\/tassadanslesmyriades.fr\/index.php?rest_route=%2Fwp%2Fv2%2Fcomments&post=70"}],"version-history":[{"count":76,"href":"https:\/\/tassadanslesmyriades.fr\/index.php?rest_route=\/wp\/v2\/pages\/70\/revisions"}],"predecessor-version":[{"id":833,"href":"https:\/\/tassadanslesmyriades.fr\/index.php?rest_route=\/wp\/v2\/pages\/70\/revisions\/833"}],"wp:attachment":[{"href":"https:\/\/tassadanslesmyriades.fr\/index.php?rest_route=%2Fwp%2Fv2%2Fmedia&parent=70"}],"curies":[{"name":"wp","href":"https:\/\/api.w.org\/{rel}","templated":true}]}}